{"id":797,"date":"2021-10-24T15:19:06","date_gmt":"2021-10-24T15:19:06","guid":{"rendered":"https:\/\/mandiraretiros.com\/?page_id=797"},"modified":"2024-09-23T08:46:39","modified_gmt":"2024-09-23T08:46:39","slug":"numerologia-pitagorica","status":"publish","type":"page","link":"https:\/\/mandiraretiros.com\/index.php\/numerologia-pitagorica\/","title":{"rendered":"Numerolog\u00eda Pitag\u00f3rica"},"content":{"rendered":"\t\t<div data-elementor-type=\"wp-page\" data-elementor-id=\"797\" class=\"elementor elementor-797\" data-elementor-post-type=\"page\">\n\t\t\t\t\t\t<section class=\"elementor-section elementor-top-section elementor-element elementor-element-3622ade elementor-section-boxed elementor-section-height-default elementor-section-height-default\" data-id=\"3622ade\" data-element_type=\"section\">\n\t\t\t\t\t\t<div class=\"elementor-container elementor-column-gap-default\">\n\t\t\t\t\t<div class=\"elementor-column elementor-col-100 elementor-top-column elementor-element elementor-element-541f0f5\" data-id=\"541f0f5\" data-element_type=\"column\">\n\t\t\t<div class=\"elementor-widget-wrap elementor-element-populated\">\n\t\t\t\t\t\t<div class=\"elementor-element elementor-element-ba22b13 elementor-invisible elementor-widget elementor-widget-video\" data-id=\"ba22b13\" data-element_type=\"widget\" data-settings=\"{&quot;video_type&quot;:&quot;hosted&quot;,&quot;start&quot;:0,&quot;end&quot;:2000,&quot;autoplay&quot;:&quot;yes&quot;,&quot;play_on_mobile&quot;:&quot;yes&quot;,&quot;mute&quot;:&quot;yes&quot;,&quot;loop&quot;:&quot;yes&quot;,&quot;_animation&quot;:&quot;fadeInLeft&quot;}\" data-widget_type=\"video.default\">\n\t\t\t\t<div class=\"elementor-widget-container\">\n\t\t\t<style>\/*! elementor - v3.19.0 - 28-02-2024 *\/\n.elementor-widget-video .elementor-widget-container{overflow:hidden;transform:translateZ(0)}.elementor-widget-video .elementor-wrapper{aspect-ratio:var(--video-aspect-ratio)}.elementor-widget-video .elementor-wrapper iframe,.elementor-widget-video .elementor-wrapper video{height:100%;width:100%;display:flex;border:none;background-color:#000}@supports not (aspect-ratio:1\/1){.elementor-widget-video .elementor-wrapper{position:relative;overflow:hidden;height:0;padding-bottom:calc(100% \/ var(--video-aspect-ratio))}.elementor-widget-video .elementor-wrapper iframe,.elementor-widget-video .elementor-wrapper video{position:absolute;top:0;right:0;bottom:0;left:0}}.elementor-widget-video .elementor-open-inline .elementor-custom-embed-image-overlay{position:absolute;top:0;right:0;bottom:0;left:0;background-size:cover;background-position:50%}.elementor-widget-video .elementor-custom-embed-image-overlay{cursor:pointer;text-align:center}.elementor-widget-video .elementor-custom-embed-image-overlay:hover .elementor-custom-embed-play i{opacity:1}.elementor-widget-video .elementor-custom-embed-image-overlay img{display:block;width:100%;aspect-ratio:var(--video-aspect-ratio);-o-object-fit:cover;object-fit:cover;-o-object-position:center center;object-position:center center}@supports not (aspect-ratio:1\/1){.elementor-widget-video .elementor-custom-embed-image-overlay{position:relative;overflow:hidden;height:0;padding-bottom:calc(100% \/ var(--video-aspect-ratio))}.elementor-widget-video .elementor-custom-embed-image-overlay img{position:absolute;top:0;right:0;bottom:0;left:0}}.elementor-widget-video .e-hosted-video .elementor-video{-o-object-fit:cover;object-fit:cover}.e-con-inner>.elementor-widget-video,.e-con>.elementor-widget-video{width:var(--container-widget-width);--flex-grow:var(--container-widget-flex-grow)}<\/style>\t\t<div class=\"e-hosted-video elementor-wrapper elementor-open-inline\">\n\t\t\t\t\t<video class=\"elementor-video\" src=\"https:\/\/mandiraretiros.com\/wp-content\/uploads\/2022\/08\/Estrellas-6962.mp4#t=,2000\" autoplay=\"\" loop=\"\" muted=\"muted\" playsinline=\"\" controlsList=\"nodownload\"><\/video>\n\t\t\t\t<\/div>\n\t\t\t\t<\/div>\n\t\t\t\t<\/div>\n\t\t\t\t<div class=\"elementor-element elementor-element-69ec5d7a elementor-invisible elementor-widget elementor-widget-heading\" data-id=\"69ec5d7a\" data-element_type=\"widget\" data-settings=\"{&quot;_animation&quot;:&quot;fadeInRight&quot;}\" data-widget_type=\"heading.default\">\n\t\t\t\t<div class=\"elementor-widget-container\">\n\t\t\t<style>\/*! elementor - v3.19.0 - 28-02-2024 *\/\n.elementor-heading-title{padding:0;margin:0;line-height:1}.elementor-widget-heading .elementor-heading-title[class*=elementor-size-]>a{color:inherit;font-size:inherit;line-height:inherit}.elementor-widget-heading .elementor-heading-title.elementor-size-small{font-size:15px}.elementor-widget-heading .elementor-heading-title.elementor-size-medium{font-size:19px}.elementor-widget-heading .elementor-heading-title.elementor-size-large{font-size:29px}.elementor-widget-heading .elementor-heading-title.elementor-size-xl{font-size:39px}.elementor-widget-heading .elementor-heading-title.elementor-size-xxl{font-size:59px}<\/style><h2 class=\"elementor-heading-title elementor-size-large\">Numerolog\u00eda Pitag\u00f3rica<\/h2>\t\t<\/div>\n\t\t\t\t<\/div>\n\t\t\t\t<div class=\"elementor-element elementor-element-23cdd28 elementor-drop-cap-yes elementor-drop-cap-view-default elementor-invisible elementor-widget elementor-widget-text-editor\" data-id=\"23cdd28\" data-element_type=\"widget\" data-settings=\"{&quot;drop_cap&quot;:&quot;yes&quot;,&quot;_animation&quot;:&quot;fadeInLeft&quot;}\" data-widget_type=\"text-editor.default\">\n\t\t\t\t<div class=\"elementor-widget-container\">\n\t\t\t<style>\/*! elementor - v3.19.0 - 28-02-2024 *\/\n.elementor-widget-text-editor.elementor-drop-cap-view-stacked .elementor-drop-cap{background-color:#69727d;color:#fff}.elementor-widget-text-editor.elementor-drop-cap-view-framed .elementor-drop-cap{color:#69727d;border:3px solid;background-color:transparent}.elementor-widget-text-editor:not(.elementor-drop-cap-view-default) .elementor-drop-cap{margin-top:8px}.elementor-widget-text-editor:not(.elementor-drop-cap-view-default) .elementor-drop-cap-letter{width:1em;height:1em}.elementor-widget-text-editor .elementor-drop-cap{float:left;text-align:center;line-height:1;font-size:50px}.elementor-widget-text-editor .elementor-drop-cap-letter{display:inline-block}<\/style>\t\t\t\t<h4><span style=\"color: #008000;\"><b>\u00a0 \u00bfQu\u00e9<\/b><strong>\u00a0es la Numerolog\u00eda Pitag\u00f3rica?<\/strong><\/span><\/h4><h4><span style=\"color: #000000;\"><strong>\u00a0 La numerolog\u00eda pitag\u00f3rica es la teor\u00eda basada en que existe un orden en todas las cosas y en todos los seres del universo, siendo regidos o programados por la vibraci\u00f3n de los n\u00fameros. Es por ello que los n\u00fameros nos acompa\u00f1an en todo momento de nuestra vida, incluyendo hasta el mismo momento de nuestra concepci\u00f3n <\/strong><\/span><\/h4><h4><span style=\"color: #000000;\"><strong>\u00a0 \u00a0La numerolog\u00eda pitag\u00f3rica te ense\u00f1ara como crear un an\u00e1lisis personal a partir de la informaci\u00f3n ofrecida por la tabla alfanum\u00e9rica, es una herramienta que ofrece\u00a0 datos desde la vibraci\u00f3n de los n\u00fameros al ser vinculados con el nombre, apellidos y fecha de nacimiento.<\/strong><\/span><\/h4><h4><span style=\"color: #000000;\"><strong>\u00a0 \u00a0Dicha numerolog\u00eda se basa en cada uno de los 9 n\u00fameros, donde cada uno de ellos constituye una fuerza o vibraci\u00f3n c\u00f3smica distinta, determinan diferentes caracter\u00edsticas que pueden influenciar o guiar en varios aspectos de la vida de cada persona. No es predictivo ni es considerado como m\u00e9todo de adivinaci\u00f3n. <\/strong><\/span><\/h4><h4><span style=\"color: #000000;\"><strong>\u00a0 \u00a0La finalidad de dicha numerolog\u00eda es ense\u00f1ar a las personas que cada uno de nosotros podemos vibrar en armon\u00eda con todo lo que nos rodea.\u00a0 <\/strong><\/span><span style=\"color: #000000;\"><strong>Este tipo de numerolog\u00eda nos ayudar\u00e1 a tener un amplio conocimiento de nosotros mismos. Es una fant\u00e1stica herramienta de autoconocimiento, para mostrarnos nuestros &#8220;retos y cualidades innatas&#8221;.\u00a0<\/strong><\/span><\/h4><h4><span style=\"color: #000000;\"><strong>\u00a0 \u00a0Pit\u00e1goras dec\u00eda que los n\u00fameros expresan cualidades en el plano espiritual y emocional, por eso una carta numerol\u00f3gica es un GPS en funci\u00f3n de nuestro comportamiento en esta reencarnaci\u00f3n. <\/strong><\/span><\/h4><h4><span style=\"color: #008000;\"><strong><em>\u00a0 \u00bfQu\u00e9 trabajar\u00e1s en este curso?<\/em><\/strong><\/span><\/h4><h4><span style=\"color: #000000;\"><strong>&#8211; La disciplina que investiga la &#8220;vibraci\u00f3n secreta&#8221; de el c\u00f3digo de la numerolog\u00eda. <\/strong><\/span><\/h4><h4><span style=\"color: #008000;\"><strong>\u00a0 \u00bfQu\u00e9 te aportara este curso a nivel personal?<\/strong><\/span><\/h4><h4><span style=\"color: #000000;\"><strong>&#8211; Te ense\u00f1ar\u00e1 a usar los n\u00fameros en tu beneficio, a trav\u00e9s del estudio de la influencia que ejerce en las personas, animales, cosas y eventos.<\/strong><\/span><\/h4><h4><span style=\"color: #000000;\"><strong>&#8211; Acentuar cualidades positivas y habilidades naturales. <\/strong><\/span><\/h4><h4><span style=\"color: #000000;\"><strong>&#8211; Combatir o mejorar puntos d\u00e9biles. <\/strong><\/span><\/h4><h4><span style=\"color: #000000;\"><strong>&#8211; Modificar problemas de conducta y temperamento. <\/strong><\/span><\/h4><h4><span style=\"color: #000000;\"><strong>&#8211; Aconsejar elecci\u00f3n de estudios o profesi\u00f3n seg\u00fan tu carta numerol\u00f3gica. <\/strong><\/span><\/h4><h4><span style=\"color: #000000;\"><strong>&#8211; Saber tomar decisiones\u00a0 o la tendencia, seg\u00fan el a\u00f1o personal. <\/strong><\/span><\/h4><h4><span style=\"color: #000000;\"><strong>&#8211;\u00a0 Aprender a ver como br\u00fajula nuestra carta por si quisi\u00e9ramos cambiar el rumbo de vida.<\/strong><\/span><\/h4>\t\t\t\t\t\t<\/div>\n\t\t\t\t<\/div>\n\t\t\t\t\t<\/div>\n\t\t<\/div>\n\t\t\t\t\t<\/div>\n\t\t<\/section>\n\t\t\t\t<\/div>\n\t\t","protected":false},"excerpt":{"rendered":"<p>https:\/\/mandiraretiros.com\/wp-content\/uploads\/2022\/08\/Estrellas-6962.mp4#t=,2000 Numerolog\u00eda Pitag\u00f3rica \u00a0 \u00bfQu\u00e9\u00a0es la Numerolog\u00eda Pitag\u00f3rica? \u00a0 La numerolog\u00eda pitag\u00f3rica es la teor\u00eda basada en que existe un orden en todas las cosas y en todos los seres del universo, siendo regidos o programados por la vibraci\u00f3n de los n\u00fameros. Es por ello que los n\u00fameros nos acompa\u00f1an en todo momento de nuestra &hellip;<\/p>\n<p class=\"read-more\"> <a class=\"\" href=\"https:\/\/mandiraretiros.com\/index.php\/numerologia-pitagorica\/\"> <span class=\"screen-reader-text\">Numerolog\u00eda Pitag\u00f3rica<\/span> Leer m\u00e1s &raquo;<\/a><\/p>\n","protected":false},"author":1,"featured_media":0,"parent":0,"menu_order":0,"comment_status":"closed","ping_status":"closed","template":"","meta":{"site-sidebar-layout":"default","site-content-layout":"","ast-site-content-layout":"","site-content-style":"default","site-sidebar-style":"default","ast-global-header-display":"","ast-banner-title-visibility":"","ast-main-header-display":"","ast-hfb-above-header-display":"","ast-hfb-below-header-display":"","ast-hfb-mobile-header-display":"","site-post-title":"","ast-breadcrumbs-content":"","ast-featured-img":"","footer-sml-layout":"","theme-transparent-header-meta":"","adv-header-id-meta":"","stick-header-meta":"","header-above-stick-meta":"","header-main-stick-meta":"","header-below-stick-meta":"","astra-migrate-meta-layouts":"","footnotes":""},"class_list":["post-797","page","type-page","status-publish","hentry"],"yoast_head":"<!-- This site is optimized with the Yoast SEO plugin v23.4 - https:\/\/yoast.com\/wordpress\/plugins\/seo\/ -->\n<title>Numerolog\u00eda Pitag\u00f3rica -<\/title>\n<meta name=\"robots\" content=\"index, follow, max-snippet:-1, max-image-preview:large, max-video-preview:-1\" \/>\n<link rel=\"canonical\" href=\"https:\/\/mandiraretiros.com\/index.php\/numerologia-pitagorica\/\" \/>\n<meta property=\"og:locale\" content=\"es_ES\" \/>\n<meta property=\"og:type\" content=\"article\" \/>\n<meta property=\"og:title\" content=\"Numerolog\u00eda Pitag\u00f3rica -\" \/>\n<meta property=\"og:description\" content=\"https:\/\/mandiraretiros.com\/wp-content\/uploads\/2022\/08\/Estrellas-6962.mp4#t=,2000 Numerolog\u00eda Pitag\u00f3rica \u00a0 \u00bfQu\u00e9\u00a0es la Numerolog\u00eda Pitag\u00f3rica? \u00a0 La numerolog\u00eda pitag\u00f3rica es la teor\u00eda basada en que existe un orden en todas las cosas y en todos los seres del universo, siendo regidos o programados por la vibraci\u00f3n de los n\u00fameros. Es por ello que los n\u00fameros nos acompa\u00f1an en todo momento de nuestra &hellip; Numerolog\u00eda Pitag\u00f3rica Leer m\u00e1s &raquo;\" \/>\n<meta property=\"og:url\" content=\"https:\/\/mandiraretiros.com\/index.php\/numerologia-pitagorica\/\" \/>\n<meta property=\"article:modified_time\" content=\"2024-09-23T08:46:39+00:00\" \/>\n<meta property=\"og:image\" content=\"https:\/\/mandiraretiros.com\/wp-content\/uploads\/2024\/09\/MANDIRA-3-e1727263938416.png\" \/>\n\t<meta property=\"og:image:width\" content=\"252\" \/>\n\t<meta property=\"og:image:height\" content=\"214\" \/>\n\t<meta property=\"og:image:type\" content=\"image\/png\" \/>\n<meta name=\"twitter:card\" content=\"summary_large_image\" \/>\n<meta name=\"twitter:label1\" content=\"Tiempo de lectura\" \/>\n\t<meta name=\"twitter:data1\" content=\"2 minutos\" \/>\n<script type=\"application\/ld+json\" class=\"yoast-schema-graph\">{\"@context\":\"https:\/\/schema.org\",\"@graph\":[{\"@type\":\"WebPage\",\"@id\":\"https:\/\/mandiraretiros.com\/index.php\/numerologia-pitagorica\/\",\"url\":\"https:\/\/mandiraretiros.com\/index.php\/numerologia-pitagorica\/\",\"name\":\"Numerolog\u00eda Pitag\u00f3rica -\",\"isPartOf\":{\"@id\":\"https:\/\/mandiraretiros.com\/#website\"},\"datePublished\":\"2021-10-24T15:19:06+00:00\",\"dateModified\":\"2024-09-23T08:46:39+00:00\",\"breadcrumb\":{\"@id\":\"https:\/\/mandiraretiros.com\/index.php\/numerologia-pitagorica\/#breadcrumb\"},\"inLanguage\":\"es\",\"potentialAction\":[{\"@type\":\"ReadAction\",\"target\":[\"https:\/\/mandiraretiros.com\/index.php\/numerologia-pitagorica\/\"]}]},{\"@type\":\"BreadcrumbList\",\"@id\":\"https:\/\/mandiraretiros.com\/index.php\/numerologia-pitagorica\/#breadcrumb\",\"itemListElement\":[{\"@type\":\"ListItem\",\"position\":1,\"name\":\"Portada\",\"item\":\"https:\/\/mandiraretiros.com\/\"},{\"@type\":\"ListItem\",\"position\":2,\"name\":\"Numerolog\u00eda Pitag\u00f3rica\"}]},{\"@type\":\"WebSite\",\"@id\":\"https:\/\/mandiraretiros.com\/#website\",\"url\":\"https:\/\/mandiraretiros.com\/\",\"name\":\"mandiraretiros.com\",\"description\":\"Retiros espirituales , cursos de masajes , numerolog\u00eda y alimentaci\u00f3n consciente\",\"publisher\":{\"@id\":\"https:\/\/mandiraretiros.com\/#\/schema\/person\/3a749cf003ecfdea038e9fa916d1b221\"},\"alternateName\":\"Mandira Retiro\",\"potentialAction\":[{\"@type\":\"SearchAction\",\"target\":{\"@type\":\"EntryPoint\",\"urlTemplate\":\"https:\/\/mandiraretiros.com\/?s={search_term_string}\"},\"query-input\":{\"@type\":\"PropertyValueSpecification\",\"valueRequired\":true,\"valueName\":\"search_term_string\"}}],\"inLanguage\":\"es\"},{\"@type\":[\"Person\",\"Organization\"],\"@id\":\"https:\/\/mandiraretiros.com\/#\/schema\/person\/3a749cf003ecfdea038e9fa916d1b221\",\"name\":\"admin\",\"image\":{\"@type\":\"ImageObject\",\"inLanguage\":\"es\",\"@id\":\"https:\/\/mandiraretiros.com\/#\/schema\/person\/image\/\",\"url\":\"https:\/\/mandiraretiros.com\/wp-content\/uploads\/2024\/09\/MANDIRA-3-e1727263938416.png\",\"contentUrl\":\"https:\/\/mandiraretiros.com\/wp-content\/uploads\/2024\/09\/MANDIRA-3-e1727263938416.png\",\"width\":252,\"height\":214,\"caption\":\"admin\"},\"logo\":{\"@id\":\"https:\/\/mandiraretiros.com\/#\/schema\/person\/image\/\"},\"sameAs\":[\"https:\/\/mandiraretiros.com\"]}]}<\/script>\n<!-- \/ Yoast SEO plugin. -->","yoast_head_json":{"title":"Numerolog\u00eda Pitag\u00f3rica -","robots":{"index":"index","follow":"follow","max-snippet":"max-snippet:-1","max-image-preview":"max-image-preview:large","max-video-preview":"max-video-preview:-1"},"canonical":"https:\/\/mandiraretiros.com\/index.php\/numerologia-pitagorica\/","og_locale":"es_ES","og_type":"article","og_title":"Numerolog\u00eda Pitag\u00f3rica -","og_description":"https:\/\/mandiraretiros.com\/wp-content\/uploads\/2022\/08\/Estrellas-6962.mp4#t=,2000 Numerolog\u00eda Pitag\u00f3rica \u00a0 \u00bfQu\u00e9\u00a0es la Numerolog\u00eda Pitag\u00f3rica? \u00a0 La numerolog\u00eda pitag\u00f3rica es la teor\u00eda basada en que existe un orden en todas las cosas y en todos los seres del universo, siendo regidos o programados por la vibraci\u00f3n de los n\u00fameros. Es por ello que los n\u00fameros nos acompa\u00f1an en todo momento de nuestra &hellip; Numerolog\u00eda Pitag\u00f3rica Leer m\u00e1s &raquo;","og_url":"https:\/\/mandiraretiros.com\/index.php\/numerologia-pitagorica\/","article_modified_time":"2024-09-23T08:46:39+00:00","og_image":[{"width":252,"height":214,"url":"https:\/\/mandiraretiros.com\/wp-content\/uploads\/2024\/09\/MANDIRA-3-e1727263938416.png","type":"image\/png"}],"twitter_card":"summary_large_image","twitter_misc":{"Tiempo de lectura":"2 minutos"},"schema":{"@context":"https:\/\/schema.org","@graph":[{"@type":"WebPage","@id":"https:\/\/mandiraretiros.com\/index.php\/numerologia-pitagorica\/","url":"https:\/\/mandiraretiros.com\/index.php\/numerologia-pitagorica\/","name":"Numerolog\u00eda Pitag\u00f3rica -","isPartOf":{"@id":"https:\/\/mandiraretiros.com\/#website"},"datePublished":"2021-10-24T15:19:06+00:00","dateModified":"2024-09-23T08:46:39+00:00","breadcrumb":{"@id":"https:\/\/mandiraretiros.com\/index.php\/numerologia-pitagorica\/#breadcrumb"},"inLanguage":"es","potentialAction":[{"@type":"ReadAction","target":["https:\/\/mandiraretiros.com\/index.php\/numerologia-pitagorica\/"]}]},{"@type":"BreadcrumbList","@id":"https:\/\/mandiraretiros.com\/index.php\/numerologia-pitagorica\/#breadcrumb","itemListElement":[{"@type":"ListItem","position":1,"name":"Portada","item":"https:\/\/mandiraretiros.com\/"},{"@type":"ListItem","position":2,"name":"Numerolog\u00eda Pitag\u00f3rica"}]},{"@type":"WebSite","@id":"https:\/\/mandiraretiros.com\/#website","url":"https:\/\/mandiraretiros.com\/","name":"mandiraretiros.com","description":"Retiros espirituales , cursos de masajes , numerolog\u00eda y alimentaci\u00f3n consciente","publisher":{"@id":"https:\/\/mandiraretiros.com\/#\/schema\/person\/3a749cf003ecfdea038e9fa916d1b221"},"alternateName":"Mandira Retiro","potentialAction":[{"@type":"SearchAction","target":{"@type":"EntryPoint","urlTemplate":"https:\/\/mandiraretiros.com\/?s={search_term_string}"},"query-input":{"@type":"PropertyValueSpecification","valueRequired":true,"valueName":"search_term_string"}}],"inLanguage":"es"},{"@type":["Person","Organization"],"@id":"https:\/\/mandiraretiros.com\/#\/schema\/person\/3a749cf003ecfdea038e9fa916d1b221","name":"admin","image":{"@type":"ImageObject","inLanguage":"es","@id":"https:\/\/mandiraretiros.com\/#\/schema\/person\/image\/","url":"https:\/\/mandiraretiros.com\/wp-content\/uploads\/2024\/09\/MANDIRA-3-e1727263938416.png","contentUrl":"https:\/\/mandiraretiros.com\/wp-content\/uploads\/2024\/09\/MANDIRA-3-e1727263938416.png","width":252,"height":214,"caption":"admin"},"logo":{"@id":"https:\/\/mandiraretiros.com\/#\/schema\/person\/image\/"},"sameAs":["https:\/\/mandiraretiros.com"]}]}},"_links":{"self":[{"href":"https:\/\/mandiraretiros.com\/index.php\/wp-json\/wp\/v2\/pages\/797","targetHints":{"allow":["GET"]}}],"collection":[{"href":"https:\/\/mandiraretiros.com\/index.php\/wp-json\/wp\/v2\/pages"}],"about":[{"href":"https:\/\/mandiraretiros.com\/index.php\/wp-json\/wp\/v2\/types\/page"}],"author":[{"embeddable":true,"href":"https:\/\/mandiraretiros.com\/index.php\/wp-json\/wp\/v2\/users\/1"}],"replies":[{"embeddable":true,"href":"https:\/\/mandiraretiros.com\/index.php\/wp-json\/wp\/v2\/comments?post=797"}],"version-history":[{"count":27,"href":"https:\/\/mandiraretiros.com\/index.php\/wp-json\/wp\/v2\/pages\/797\/revisions"}],"predecessor-version":[{"id":3225,"href":"https:\/\/mandiraretiros.com\/index.php\/wp-json\/wp\/v2\/pages\/797\/revisions\/3225"}],"wp:attachment":[{"href":"https:\/\/mandiraretiros.com\/index.php\/wp-json\/wp\/v2\/media?parent=797"}],"curies":[{"name":"wp","href":"https:\/\/api.w.org\/{rel}","templated":true}]}}